{"id":11,"date":"2024-06-11T10:00:33","date_gmt":"2024-06-11T08:00:33","guid":{"rendered":"https:\/\/ruheimwald.ch\/berg\/?page_id=11"},"modified":"2024-06-11T11:02:02","modified_gmt":"2024-06-11T09:02:02","slug":"impressum","status":"publish","type":"page","link":"https:\/\/ruheimwald.ch\/berg\/impressum\/","title":{"rendered":"Impressum"},"content":{"rendered":"<div class=\"wpb-content-wrapper\"><p>[vc_row padding_top=&#8221;0&#8243; padding_bottom=&#8221;0&#8243; remove_horizontal_padding=&#8221;yes&#8221; module_type=&#8221;bg-color&#8221; gutter_size=&#8221;yes&#8221; equal_height=&#8221;yes&#8221; section_detect_colors=&#8221;light-detect&#8221; section_id=&#8221;unberuehrte-natur&#8221; bg_color=&#8221;rgba(4,38,8,0.05)&#8221;][vc_column column_paddings=&#8221;60&#8243; column_position_vertical=&#8221;middle&#8221; column_force_height=&#8221;yes&#8221; column_min_height=&#8221;600&#8243; column_min_height_sm=&#8221;400&#8243; column_min_height_xs=&#8221;300&#8243;][vc_empty_space height=&#8221;45px&#8221;][vc_column_text font_visibility=&#8221;yes&#8221; fonts_size_select=&#8221;custom&#8221; font_weight_value=&#8221;600&#8243; font_color_value=&#8221;#356b02&#8243; font_min_value=&#8221;14&#8243; font_max_value=&#8221;15&#8243; font_letterspacing_value=&#8221;0.15em&#8221;]<\/p>\n<h2 style=\"text-align: left;\">KONTAKT-ADRESSE<\/h2>\n<p>[\/vc_column_text][vc_column_text margin_top=&#8221;30&#8243; font_visibility=&#8221;yes&#8221; fonts_size_select=&#8221;custom&#8221; font_weight_value=&#8221;300&#8243; font_lineheight_value=&#8221;140&#8243; font_color_value=&#8221;#0b0f0b&#8221; font_min_value=&#8221;17&#8243; font_max_value=&#8221;19&#8243; font_mid_value=&#8221;50&#8243;]B\u00fcrgergemeinde Berg<br \/>\nBergerfeldstrasse 26<br \/>\n8572 Berg TG<br \/>\nSchweiz<\/p>\n<p class=\"s3\"><span class=\"s4\">E-Mail: regula.berweger@berweger-treuhand.ch<\/span><\/p>\n<p>[\/vc_column_text][vc_column_text margin_top=&#8221;45&#8243; font_visibility=&#8221;yes&#8221; fonts_size_select=&#8221;custom&#8221; font_weight_value=&#8221;600&#8243; font_color_value=&#8221;#356b02&#8243; font_min_value=&#8221;14&#8243; font_max_value=&#8221;15&#8243; font_letterspacing_value=&#8221;0.15em&#8221;]<\/p>\n<h2 style=\"text-align: left;\">VERTRETUNGSBERECHTIGTE PERSON(EN)<\/h2>\n<p>[\/vc_column_text][vc_column_text margin_top=&#8221;30&#8243; font_visibility=&#8221;yes&#8221; fonts_size_select=&#8221;custom&#8221; font_weight_value=&#8221;300&#8243; font_lineheight_value=&#8221;140&#8243; font_color_value=&#8221;#0b0f0b&#8221; font_min_value=&#8221;17&#8243; font_max_value=&#8221;19&#8243; font_mid_value=&#8221;50&#8243;]Regula Berweger Altwegg[\/vc_column_text][vc_column_text margin_top=&#8221;45&#8243; font_visibility=&#8221;yes&#8221; fonts_size_select=&#8221;custom&#8221; font_weight_value=&#8221;600&#8243; font_color_value=&#8221;#356b02&#8243; font_min_value=&#8221;14&#8243; font_max_value=&#8221;15&#8243; font_letterspacing_value=&#8221;0.15em&#8221;]<\/p>\n<h2 style=\"text-align: left;\">HAFTUNGSAUSSCHLUSS<\/h2>\n<p>[\/vc_column_text][vc_column_text margin_top=&#8221;30&#8243; font_visibility=&#8221;yes&#8221; fonts_size_select=&#8221;custom&#8221; font_weight_value=&#8221;300&#8243; font_lineheight_value=&#8221;140&#8243; font_color_value=&#8221;#0b0f0b&#8221; font_min_value=&#8221;17&#8243; font_max_value=&#8221;19&#8243; font_mid_value=&#8221;50&#8243;]<\/p>\n<p><span class=\"s5\">Der Autor \u00fcbernimmt keinerlei Gew\u00e4hr hinsichtlich der inhaltlichen Richtigkeit, Genauigkeit, Aktualit\u00e4t, Zuverl\u00e4ssigkeit und Vollst\u00e4ndigkeit der Informationen.<\/span><\/p>\n<p class=\"s3\"><span class=\"s4\">Haftungsanspr\u00fcche gegen den Autor wegen Sch\u00e4den materieller oder immaterieller Art, welche aus dem Zugriff oder der Nutzung bzw. Nichtnutzung der ver\u00f6ffentlichten Informationen, durch Missbrauch der Verbindung oder durch technische St\u00f6rungen entstanden sind, werden ausgeschlossen.<\/span><\/p>\n<p class=\"s3\"><span class=\"s4\">Alle Angebote sind unverbindlich. Der Autor beh\u00e4lt es sich ausdr\u00fccklich vor, Teile der Seiten oder das gesamte Angebot ohne besondere Ank\u00fcndigung zu ver\u00e4ndern, zu erg\u00e4nzen, zu l\u00f6schen oder die Ver\u00f6ffentlichung zeitweise oder endg\u00fcltig einzustellen.<\/span><\/p>\n<p>[\/vc_column_text][vc_column_text margin_top=&#8221;45&#8243; font_visibility=&#8221;yes&#8221; fonts_size_select=&#8221;custom&#8221; font_weight_value=&#8221;600&#8243; font_color_value=&#8221;#356b02&#8243; font_min_value=&#8221;14&#8243; font_max_value=&#8221;15&#8243; font_letterspacing_value=&#8221;0.15em&#8221;]<\/p>\n<h2 style=\"text-align: left;\">HAFTUNGSAUSSCHLUSS F\u00dcR LINKS<\/h2>\n<p>[\/vc_column_text][vc_column_text margin_top=&#8221;30&#8243; font_visibility=&#8221;yes&#8221; fonts_size_select=&#8221;custom&#8221; font_weight_value=&#8221;300&#8243; font_lineheight_value=&#8221;140&#8243; font_color_value=&#8221;#0b0f0b&#8221; font_min_value=&#8221;17&#8243; font_max_value=&#8221;19&#8243; font_mid_value=&#8221;50&#8243;]<\/p>\n<p>Verweise und Links auf Webseiten Dritter liegen ausserhalb unseres Verantwortungsbereichs. Es wird jegliche Verantwortung f\u00fcr solche Webseiten abgelehnt. Der Zugriff und die Nutzung solcher Webseiten erfolgen auf eigene Gefahr des jeweiligen Nutzers.<\/p>\n<p>[\/vc_column_text][vc_column_text margin_top=&#8221;45&#8243; font_visibility=&#8221;yes&#8221; fonts_size_select=&#8221;custom&#8221; font_weight_value=&#8221;600&#8243; font_color_value=&#8221;#356b02&#8243; font_min_value=&#8221;14&#8243; font_max_value=&#8221;15&#8243; font_letterspacing_value=&#8221;0.15em&#8221;]<\/p>\n<h2 style=\"text-align: left;\">URHEBERRECHTE<\/h2>\n<p>[\/vc_column_text][vc_column_text margin_top=&#8221;30&#8243; font_visibility=&#8221;yes&#8221; fonts_size_select=&#8221;custom&#8221; font_weight_value=&#8221;300&#8243; font_lineheight_value=&#8221;140&#8243; font_color_value=&#8221;#0b0f0b&#8221; font_min_value=&#8221;17&#8243; font_max_value=&#8221;19&#8243; font_mid_value=&#8221;50&#8243;]<\/p>\n<p><span class=\"s4\">Die Urheber- und alle anderen Rechte an Inhalten, Bildern, Fotos oder anderen Dateien auf dieser Website, geh\u00f6ren ausschliesslich\u00a0<\/span><span class=\"s2\">der Firma B\u00fcrgergemeinde <\/span><span class=\"s2\">Steckborn<\/span><span class=\"s4\">oder<\/span><span class=\"s4\"> den speziell genannten Rechteinhabern. F\u00fcr die Reproduktion jeglicher Elemente ist die schriftliche Zustimmung des Urheberrechtstr\u00e4gers im Voraus einzuholen.<\/span><\/p>\n<p>[\/vc_column_text][vc_empty_space height=&#8221;45px&#8221;][\/vc_column][\/vc_row]<\/p>\n<\/div>","protected":false},"excerpt":{"rendered":"<p>[vc_row padding_top=&#8221;0&#8243; padding_bottom=&#8221;0&#8243; remove_horizontal_padding=&#8221;yes&#8221; module_type=&#8221;bg-color&#8221; gutter_size=&#8221;yes&#8221; equal_height=&#8221;yes&#8221; section_detect_colors=&#8221;light-detect&#8221; section_id=&#8221;unberuehrte-natur&#8221; bg_color=&#8221;rgba(4,38,8,0.05)&#8221;][vc_column column_paddings=&#8221;60&#8243; column_position_vertical=&#8221;middle&#8221; column_force_height=&#8221;yes&#8221; column_min_height=&#8221;600&#8243; column_min_height_sm=&#8221;400&#8243; column_min_height_xs=&#8221;300&#8243;][vc_empty_space height=&#8221;45px&#8221;][vc_column_text font_visibility=&#8221;yes&#8221; fonts_size_select=&#8221;custom&#8221; font_weight_value=&#8221;600&#8243; font_color_value=&#8221;#356b02&#8243; font_min_value=&#8221;14&#8243; font_max_value=&#8221;15&#8243; font_letterspacing_value=&#8221;0.15em&#8221;] KONTAKT-ADRESSE [\/vc_column_text][vc_column_text margin_top=&#8221;30&#8243; font_visibility=&#8221;yes&#8221; fonts_size_select=&#8221;custom&#8221; font_weight_value=&#8221;300&#8243; font_lineheight_value=&#8221;140&#8243; font_color_value=&#8221;#0b0f0b&#8221; font_min_value=&#8221;17&#8243; font_max_value=&#8221;19&#8243; font_mid_value=&#8221;50&#8243;]B\u00fcrgergemeinde Berg Bergerfeldstrasse 26 8572 Berg TG Schweiz E-Mail: regula.berweger@berweger-treuhand.ch [\/vc_column_text][vc_column_text margin_top=&#8221;45&#8243; font_visibility=&#8221;yes&#8221; fonts_size_select=&#8221;custom&#8221; font_weight_value=&#8221;600&#8243; font_color_value=&#8221;#356b02&#8243; font_min_value=&#8221;14&#8243; font_max_value=&#8221;15&#8243; font_letterspacing_value=&#8221;0.15em&#8221;] VERTRETUNGSBERECHTIGTE PERSON(EN) [&hellip;]<\/p>\n","protected":false},"author":1,"featured_media":0,"parent":0,"menu_order":0,"comment_status":"closed","ping_status":"closed","template":"","meta":{"footnotes":""},"class_list":["post-11","page","type-page","status-publish","hentry"],"yoast_head":"<!-- This site is optimized with the Yoast SEO plugin v27.2 - https:\/\/yoast.com\/product\/yoast-seo-wordpress\/ -->\n<title>Impressum - Ruhe im Wald | Standort Berg<\/title>\n<meta name=\"robots\" content=\"index, follow, max-snippet:-1, max-image-preview:large, max-video-preview:-1\" \/>\n<link rel=\"canonical\" href=\"https:\/\/ruheimwald.ch\/berg\/impressum\/\" \/>\n<meta property=\"og:locale\" content=\"de_DE\" \/>\n<meta property=\"og:type\" content=\"article\" \/>\n<meta property=\"og:title\" content=\"Impressum - Ruhe im Wald | Standort Berg\" \/>\n<meta property=\"og:description\" content=\"[vc_row padding_top=&#8221;0&#8243; padding_bottom=&#8221;0&#8243; remove_horizontal_padding=&#8221;yes&#8221; module_type=&#8221;bg-color&#8221; gutter_size=&#8221;yes&#8221; equal_height=&#8221;yes&#8221; section_detect_colors=&#8221;light-detect&#8221; section_id=&#8221;unberuehrte-natur&#8221; bg_color=&#8221;rgba(4,38,8,0.05)&#8221;][vc_column column_paddings=&#8221;60&#8243; column_position_vertical=&#8221;middle&#8221; column_force_height=&#8221;yes&#8221; column_min_height=&#8221;600&#8243; column_min_height_sm=&#8221;400&#8243; column_min_height_xs=&#8221;300&#8243;][vc_empty_space height=&#8221;45px&#8221;][vc_column_text font_visibility=&#8221;yes&#8221; fonts_size_select=&#8221;custom&#8221; font_weight_value=&#8221;600&#8243; font_color_value=&#8221;#356b02&#8243; font_min_value=&#8221;14&#8243; font_max_value=&#8221;15&#8243; font_letterspacing_value=&#8221;0.15em&#8221;] KONTAKT-ADRESSE [\/vc_column_text][vc_column_text margin_top=&#8221;30&#8243; font_visibility=&#8221;yes&#8221; fonts_size_select=&#8221;custom&#8221; font_weight_value=&#8221;300&#8243; font_lineheight_value=&#8221;140&#8243; font_color_value=&#8221;#0b0f0b&#8221; font_min_value=&#8221;17&#8243; font_max_value=&#8221;19&#8243; font_mid_value=&#8221;50&#8243;]B\u00fcrgergemeinde Berg Bergerfeldstrasse 26 8572 Berg TG Schweiz E-Mail: regula.berweger@berweger-treuhand.ch [\/vc_column_text][vc_column_text margin_top=&#8221;45&#8243; font_visibility=&#8221;yes&#8221; fonts_size_select=&#8221;custom&#8221; font_weight_value=&#8221;600&#8243; font_color_value=&#8221;#356b02&#8243; font_min_value=&#8221;14&#8243; font_max_value=&#8221;15&#8243; font_letterspacing_value=&#8221;0.15em&#8221;] VERTRETUNGSBERECHTIGTE PERSON(EN) [&hellip;]\" \/>\n<meta property=\"og:url\" content=\"https:\/\/ruheimwald.ch\/berg\/impressum\/\" \/>\n<meta property=\"og:site_name\" content=\"Ruhe im Wald | Standort Berg\" \/>\n<meta property=\"article:modified_time\" content=\"2024-06-11T09:02:02+00:00\" \/>\n<meta name=\"twitter:card\" content=\"summary_large_image\" \/>\n<meta name=\"twitter:label1\" content=\"Gesch\u00e4tzte Lesezeit\" \/>\n\t<meta name=\"twitter:data1\" content=\"2\u00a0Minuten\" \/>\n<script type=\"application\/ld+json\" class=\"yoast-schema-graph\">{\"@context\":\"https:\/\/schema.org\",\"@graph\":[{\"@type\":\"WebPage\",\"@id\":\"https:\/\/ruheimwald.ch\/berg\/impressum\/\",\"url\":\"https:\/\/ruheimwald.ch\/berg\/impressum\/\",\"name\":\"Impressum - Ruhe im Wald | Standort Berg\",\"isPartOf\":{\"@id\":\"https:\/\/ruheimwald.ch\/berg\/#website\"},\"datePublished\":\"2024-06-11T08:00:33+00:00\",\"dateModified\":\"2024-06-11T09:02:02+00:00\",\"breadcrumb\":{\"@id\":\"https:\/\/ruheimwald.ch\/berg\/impressum\/#breadcrumb\"},\"inLanguage\":\"de\",\"potentialAction\":[{\"@type\":\"ReadAction\",\"target\":[\"https:\/\/ruheimwald.ch\/berg\/impressum\/\"]}]},{\"@type\":\"BreadcrumbList\",\"@id\":\"https:\/\/ruheimwald.ch\/berg\/impressum\/#breadcrumb\",\"itemListElement\":[{\"@type\":\"ListItem\",\"position\":1,\"name\":\"Startseite\",\"item\":\"https:\/\/ruheimwald.ch\/berg\/\"},{\"@type\":\"ListItem\",\"position\":2,\"name\":\"Impressum\"}]},{\"@type\":\"WebSite\",\"@id\":\"https:\/\/ruheimwald.ch\/berg\/#website\",\"url\":\"https:\/\/ruheimwald.ch\/berg\/\",\"name\":\"Ruhe im Wald | Standort Berg\",\"description\":\"Naturfriedhof Berg TG f\u00fcr Urnenbeisetzungen\",\"publisher\":{\"@id\":\"https:\/\/ruheimwald.ch\/berg\/#organization\"},\"potentialAction\":[{\"@type\":\"SearchAction\",\"target\":{\"@type\":\"EntryPoint\",\"urlTemplate\":\"https:\/\/ruheimwald.ch\/berg\/?s={search_term_string}\"},\"query-input\":{\"@type\":\"PropertyValueSpecification\",\"valueRequired\":true,\"valueName\":\"search_term_string\"}}],\"inLanguage\":\"de\"},{\"@type\":\"Organization\",\"@id\":\"https:\/\/ruheimwald.ch\/berg\/#organization\",\"name\":\"Ruhe im Wald | Standort Berg\",\"url\":\"https:\/\/ruheimwald.ch\/berg\/\",\"logo\":{\"@type\":\"ImageObject\",\"inLanguage\":\"de\",\"@id\":\"https:\/\/ruheimwald.ch\/berg\/#\/schema\/logo\/image\/\",\"url\":\"https:\/\/ruheimwald.ch\/berg\/wp-content\/uploads\/sites\/4\/2024\/06\/logo-neg-berg.png\",\"contentUrl\":\"https:\/\/ruheimwald.ch\/berg\/wp-content\/uploads\/sites\/4\/2024\/06\/logo-neg-berg.png\",\"width\":1499,\"height\":574,\"caption\":\"Ruhe im Wald | Standort Berg\"},\"image\":{\"@id\":\"https:\/\/ruheimwald.ch\/berg\/#\/schema\/logo\/image\/\"}}]}<\/script>\n<!-- \/ Yoast SEO plugin. -->","yoast_head_json":{"title":"Impressum - Ruhe im Wald | Standort Berg","robots":{"index":"index","follow":"follow","max-snippet":"max-snippet:-1","max-image-preview":"max-image-preview:large","max-video-preview":"max-video-preview:-1"},"canonical":"https:\/\/ruheimwald.ch\/berg\/impressum\/","og_locale":"de_DE","og_type":"article","og_title":"Impressum - Ruhe im Wald | Standort Berg","og_description":"[vc_row padding_top=&#8221;0&#8243; padding_bottom=&#8221;0&#8243; remove_horizontal_padding=&#8221;yes&#8221; module_type=&#8221;bg-color&#8221; gutter_size=&#8221;yes&#8221; equal_height=&#8221;yes&#8221; section_detect_colors=&#8221;light-detect&#8221; section_id=&#8221;unberuehrte-natur&#8221; bg_color=&#8221;rgba(4,38,8,0.05)&#8221;][vc_column column_paddings=&#8221;60&#8243; column_position_vertical=&#8221;middle&#8221; column_force_height=&#8221;yes&#8221; column_min_height=&#8221;600&#8243; column_min_height_sm=&#8221;400&#8243; column_min_height_xs=&#8221;300&#8243;][vc_empty_space height=&#8221;45px&#8221;][vc_column_text font_visibility=&#8221;yes&#8221; fonts_size_select=&#8221;custom&#8221; font_weight_value=&#8221;600&#8243; font_color_value=&#8221;#356b02&#8243; font_min_value=&#8221;14&#8243; font_max_value=&#8221;15&#8243; font_letterspacing_value=&#8221;0.15em&#8221;] KONTAKT-ADRESSE [\/vc_column_text][vc_column_text margin_top=&#8221;30&#8243; font_visibility=&#8221;yes&#8221; fonts_size_select=&#8221;custom&#8221; font_weight_value=&#8221;300&#8243; font_lineheight_value=&#8221;140&#8243; font_color_value=&#8221;#0b0f0b&#8221; font_min_value=&#8221;17&#8243; font_max_value=&#8221;19&#8243; font_mid_value=&#8221;50&#8243;]B\u00fcrgergemeinde Berg Bergerfeldstrasse 26 8572 Berg TG Schweiz E-Mail: regula.berweger@berweger-treuhand.ch [\/vc_column_text][vc_column_text margin_top=&#8221;45&#8243; font_visibility=&#8221;yes&#8221; fonts_size_select=&#8221;custom&#8221; font_weight_value=&#8221;600&#8243; font_color_value=&#8221;#356b02&#8243; font_min_value=&#8221;14&#8243; font_max_value=&#8221;15&#8243; font_letterspacing_value=&#8221;0.15em&#8221;] VERTRETUNGSBERECHTIGTE PERSON(EN) [&hellip;]","og_url":"https:\/\/ruheimwald.ch\/berg\/impressum\/","og_site_name":"Ruhe im Wald | Standort Berg","article_modified_time":"2024-06-11T09:02:02+00:00","twitter_card":"summary_large_image","twitter_misc":{"Gesch\u00e4tzte Lesezeit":"2\u00a0Minuten"},"schema":{"@context":"https:\/\/schema.org","@graph":[{"@type":"WebPage","@id":"https:\/\/ruheimwald.ch\/berg\/impressum\/","url":"https:\/\/ruheimwald.ch\/berg\/impressum\/","name":"Impressum - Ruhe im Wald | Standort Berg","isPartOf":{"@id":"https:\/\/ruheimwald.ch\/berg\/#website"},"datePublished":"2024-06-11T08:00:33+00:00","dateModified":"2024-06-11T09:02:02+00:00","breadcrumb":{"@id":"https:\/\/ruheimwald.ch\/berg\/impressum\/#breadcrumb"},"inLanguage":"de","potentialAction":[{"@type":"ReadAction","target":["https:\/\/ruheimwald.ch\/berg\/impressum\/"]}]},{"@type":"BreadcrumbList","@id":"https:\/\/ruheimwald.ch\/berg\/impressum\/#breadcrumb","itemListElement":[{"@type":"ListItem","position":1,"name":"Startseite","item":"https:\/\/ruheimwald.ch\/berg\/"},{"@type":"ListItem","position":2,"name":"Impressum"}]},{"@type":"WebSite","@id":"https:\/\/ruheimwald.ch\/berg\/#website","url":"https:\/\/ruheimwald.ch\/berg\/","name":"Ruhe im Wald | Standort Berg","description":"Naturfriedhof Berg TG f\u00fcr Urnenbeisetzungen","publisher":{"@id":"https:\/\/ruheimwald.ch\/berg\/#organization"},"potentialAction":[{"@type":"SearchAction","target":{"@type":"EntryPoint","urlTemplate":"https:\/\/ruheimwald.ch\/berg\/?s={search_term_string}"},"query-input":{"@type":"PropertyValueSpecification","valueRequired":true,"valueName":"search_term_string"}}],"inLanguage":"de"},{"@type":"Organization","@id":"https:\/\/ruheimwald.ch\/berg\/#organization","name":"Ruhe im Wald | Standort Berg","url":"https:\/\/ruheimwald.ch\/berg\/","logo":{"@type":"ImageObject","inLanguage":"de","@id":"https:\/\/ruheimwald.ch\/berg\/#\/schema\/logo\/image\/","url":"https:\/\/ruheimwald.ch\/berg\/wp-content\/uploads\/sites\/4\/2024\/06\/logo-neg-berg.png","contentUrl":"https:\/\/ruheimwald.ch\/berg\/wp-content\/uploads\/sites\/4\/2024\/06\/logo-neg-berg.png","width":1499,"height":574,"caption":"Ruhe im Wald | Standort Berg"},"image":{"@id":"https:\/\/ruheimwald.ch\/berg\/#\/schema\/logo\/image\/"}}]}},"_links":{"self":[{"href":"https:\/\/ruheimwald.ch\/berg\/wp-json\/wp\/v2\/pages\/11","targetHints":{"allow":["GET"]}}],"collection":[{"href":"https:\/\/ruheimwald.ch\/berg\/wp-json\/wp\/v2\/pages"}],"about":[{"href":"https:\/\/ruheimwald.ch\/berg\/wp-json\/wp\/v2\/types\/page"}],"author":[{"embeddable":true,"href":"https:\/\/ruheimwald.ch\/berg\/wp-json\/wp\/v2\/users\/1"}],"replies":[{"embeddable":true,"href":"https:\/\/ruheimwald.ch\/berg\/wp-json\/wp\/v2\/comments?post=11"}],"version-history":[{"count":5,"href":"https:\/\/ruheimwald.ch\/berg\/wp-json\/wp\/v2\/pages\/11\/revisions"}],"predecessor-version":[{"id":43,"href":"https:\/\/ruheimwald.ch\/berg\/wp-json\/wp\/v2\/pages\/11\/revisions\/43"}],"wp:attachment":[{"href":"https:\/\/ruheimwald.ch\/berg\/wp-json\/wp\/v2\/media?parent=11"}],"curies":[{"name":"wp","href":"https:\/\/api.w.org\/{rel}","templated":true}]}}